{"id":5761,"date":"2017-09-03T02:41:49","date_gmt":"2017-09-03T02:41:49","guid":{"rendered":"http:\/\/themenectar.com\/demo\/salient-corporate-creative\/?page_id=5761"},"modified":"2021-04-19T17:24:22","modified_gmt":"2021-04-19T17:24:22","slug":"lnicio","status":"publish","type":"page","link":"https:\/\/comunidadeslbmd.com\/index.php\/lnicio\/","title":{"rendered":"Inicio"},"content":{"rendered":"\n\t\t<div id=\"fws_69d12f756633c\"  data-column-margin=\"default\" data-midnight=\"light\" data-top-percent=\"5%\" data-bottom-percent=\"30%\"  class=\"wpb_row vc_row-fluid vc_row full-width-section parallax_section  top_padding_phone_10pct \"  style=\"padding-top: calc(100vw * 0.05); padding-bottom: calc(100vw * 0.30); \"><div class=\"row-bg-wrap\" data-bg-animation=\"none\" data-bg-overlay=\"true\"><div class=\"inner-wrap using-image\"><div class=\"row-bg using-image using-bg-color\" data-parallax-speed=\"fast\" style=\"background-image: url(https:\/\/comunidadeslbmd.com\/wp-content\/uploads\/2021\/04\/Sin-titulo-2.png); background-position: center top; background-repeat: no-repeat; background-color: #ffffff; \"><\/div><\/div><div class=\"row-bg-overlay\" style=\"background: rgba(0,0,0,0.01); background: linear-gradient(135deg,rgba(0,0,0,0.01) 0%,rgba(255,255,255,0.01) 100%);  opacity: 0.5; \"><\/div><\/div><div class=\"nectar-shape-divider-wrap \" style=\" height:150px;\"  data-front=\"\" data-style=\"waves_opacity_alt\" data-position=\"bottom\" ><svg class=\"nectar-shape-divider\" fill=\"#ffffff\" xmlns=\"http:\/\/www.w3.org\/2000\/svg\" viewBox=\"0 0 1000 300\" preserveAspectRatio=\"none\">  \n            <path d=\"M 1000 299 l 2 -279 c -155 -36 -310 135 -415 164 c -102.64 28.35 -149 -32 -232 -31 c -80 1 -142 53 -229 80 c -65.54 20.34 -101 15 -126 11.61 v 54.39 z\"><\/path> <path d=\"M 1000 286 l 2 -252 c -157 -43 -302 144 -405 178 c -101.11 33.38 -159 -47 -242 -46 c -80 1 -145.09 54.07 -229 87 c -65.21 25.59 -104.07 16.72 -126 10.61 v 22.39 z\"><\/path> <path d=\"M 1000 300 l 1 -230.29 c -217 -12.71 -300.47 129.15 -404 156.29 c -103 27 -174 -30 -257 -29 c -80 1 -130.09 37.07 -214 70 c -61.23 24 -108 15.61 -126 10.61 v 22.39 z\"><\/path>\n             <\/svg><\/div><div class=\"row_col_wrap_12 col span_12 light center\">\n\t<div  class=\"vc_col-sm-12 wpb_column column_container vc_column_container col no-extra-padding inherit_tablet inherit_phone \"  data-t-w-inherits=\"default\" data-bg-cover=\"\" data-padding-pos=\"all\" data-has-bg-color=\"false\" data-bg-color=\"\" data-bg-opacity=\"1\" data-hover-bg=\"\" data-hover-bg-opacity=\"1\" data-animation=\"\" data-delay=\"0\" >\n\t\t<div class=\"vc_column-inner\" ><div class=\"column-bg-overlay-wrap\" data-bg-animation=\"none\"><div class=\"column-bg-overlay\"><\/div><\/div>\n\t\t\t<div class=\"wpb_wrapper\">\n\t\t\t\t<div class=\"divider-wrap height_phone_0px \" data-alignment=\"default\"><div style=\"height: 10vh;\" class=\"divider\"><\/div><\/div><div class=\"nectar-split-heading\" data-animation-type=\"default\" data-animation-delay=\"0\" data-custom-font-size=\"false\" ><div class=\"heading-line\" > <div><h2 class=\"h2bel\" style=\"text-align: center; color: #000;\">LA BELLEZA EN EL MIRAR DISTINTO<\/h2> <\/div> <\/div><\/div><div class=\"divider-wrap height_phone_20vh \" data-alignment=\"default\"><div  class=\"divider\"><\/div><\/div>\n\t\t\t<\/div> \n\t\t<\/div>\n\t<\/div> \n<\/div><\/div>\n\t\t<div id=\"discover\"  data-column-margin=\"default\" data-midnight=\"dark\" data-top-percent=\"5%\" data-bottom-percent=\"5%\"  class=\"wpb_row vc_row-fluid vc_row full-width-section  vc_row-o-equal-height vc_row-flex  vc_row-o-content-middle standard_section \"  style=\"padding-top: calc(100vw * 0.05); padding-bottom: calc(100vw * 0.05); \"><div class=\"row-bg-wrap\" data-bg-animation=\"none\" data-bg-overlay=\"false\"><div class=\"inner-wrap\"><div class=\"row-bg using-bg-color\"  style=\"background-color: #ffffff; \"><\/div><\/div><div class=\"row-bg-overlay\" ><\/div><\/div><div class=\"row_col_wrap_12 col span_12 dark left\">\n\t<div  class=\"vc_col-sm-12 wpb_column column_container vc_column_container col no-extra-padding inherit_tablet inherit_phone \"  data-t-w-inherits=\"default\" data-bg-cover=\"\" data-padding-pos=\"all\" data-has-bg-color=\"false\" data-bg-color=\"\" data-bg-opacity=\"1\" data-hover-bg=\"\" data-hover-bg-opacity=\"1\" data-animation=\"\" data-delay=\"0\" >\n\t\t<div class=\"vc_column-inner\" ><div class=\"column-bg-overlay-wrap\" data-bg-animation=\"none\"><div class=\"column-bg-overlay\"><\/div><\/div>\n\t\t\t<div class=\"wpb_wrapper\">\n\t\t\t\t<blockquote class=\"nectar_single_testimonial\" data-color=\"default\" data-style=\"bold\"><div class=\"inner\"> <p><span class=\"open-quote\">&#8221;<\/span>Nos necesitamos mutuamente para poder ejercer la solidaridad, la libertad y la compasi\u00f3n y recordarnos que siempre existe una esperanza. <\/p><span class=\"wrap\"><span>Thich Nhat Hanh<\/span><\/span><\/div><\/blockquote>\n\t\t\t<\/div> \n\t\t<\/div>\n\t<\/div> \n<\/div><\/div>\n\t\t<div id=\"fws_69d12f7567ade\"  data-column-margin=\"default\" data-midnight=\"dark\" data-bottom-percent=\"8%\"  class=\"wpb_row vc_row-fluid vc_row full-width-section standard_section  right_padding_0px left_padding_0px \"  style=\"padding-top: 0px; padding-bottom: calc(100vw * 0.08); \"><div class=\"row-bg-wrap\" data-bg-animation=\"none\" data-bg-overlay=\"false\"><div class=\"inner-wrap\"><div class=\"row-bg\"  style=\"\"><\/div><\/div><div class=\"row-bg-overlay\" ><\/div><\/div><div class=\"row_col_wrap_12 col span_12 dark left\">\n\t<div  class=\"vc_col-sm-12 wpb_column column_container vc_column_container col no-extra-padding inherit_tablet inherit_phone \"  data-t-w-inherits=\"default\" data-bg-cover=\"\" data-padding-pos=\"all\" data-has-bg-color=\"false\" data-bg-color=\"\" data-bg-opacity=\"1\" data-hover-bg=\"\" data-hover-bg-opacity=\"1\" data-animation=\"\" data-delay=\"0\" >\n\t\t<div class=\"vc_column-inner\" ><div class=\"column-bg-overlay-wrap\" data-bg-animation=\"none\"><div class=\"column-bg-overlay\"><\/div><\/div>\n\t\t\t<div class=\"wpb_wrapper\">\n\t\t\t\t<div class=\"img-with-aniamtion-wrap center\" data-max-width=\"100%\" data-max-width-mobile=\"default\" data-border-radius=\"none\" data-shadow=\"none\" data-animation=\"fade-in\" >\r\n      <div class=\"inner\">\r\n        <div class=\"hover-wrap\" data-hover-animation=\"none\"> \r\n          <div class=\"hover-wrap-inner\">\r\n            <img class=\"img-with-animation skip-lazy equipoesimg\" data-delay=\"0\" height=\"1057\" width=\"910\" data-animation=\"fade-in\" src=\"https:\/\/comunidadeslbmd.com\/wp-content\/uploads\/2021\/04\/LOGOTIPO-COMUNIDAD-ES.png\" alt=\"\" srcset=\"https:\/\/comunidadeslbmd.com\/wp-content\/uploads\/2021\/04\/LOGOTIPO-COMUNIDAD-ES.png 910w, https:\/\/comunidadeslbmd.com\/wp-content\/uploads\/2021\/04\/LOGOTIPO-COMUNIDAD-ES-258x300.png 258w, https:\/\/comunidadeslbmd.com\/wp-content\/uploads\/2021\/04\/LOGOTIPO-COMUNIDAD-ES-882x1024.png 882w, https:\/\/comunidadeslbmd.com\/wp-content\/uploads\/2021\/04\/LOGOTIPO-COMUNIDAD-ES-768x892.png 768w\" sizes=\"(min-width: 1450px) 75vw, (min-width: 1000px) 85vw, 100vw\" \/>\r\n          <\/div>\r\n        <\/div>\r\n      <\/div>\r\n    <\/div>\r\n<div class=\"wpb_text_column wpb_content_element \" >\r\n\t<div class=\"wpb_wrapper\">\r\n\t\t<h3 style=\"text-align: center;\">Comunidad ES, es una comunidad siendo en la colaboraci\u00f3n con otros para contribuir desde nuestro hacer y forma de ser, a generar espacios de transformaci\u00f3n cultural que nos permitan, como seres humanos, reconectar con nuestra capacidad colaborativa y creativa que nos constituye.<\/h3>\n<p>&nbsp;<\/p>\n<h3 style=\"text-align: center;\">Desarrollamos metodolog\u00edas l\u00fadicas, para propiciar contextos de auto-conocimiento, auto-aprendizaje y co-creaci\u00f3n de valor en los entornos donde convivimos y as\u00ed ser protagonistas y agentes de transformaci\u00f3n en nuestra familia, nuestros espacios de trabajo y en por ende en nuestra sociedad.<\/h3>\n\t<\/div>\r\n<\/div>\r\n\r\n\r\n\r\n\n\t\t\t<\/div> \n\t\t<\/div>\n\t<\/div> \n<\/div><\/div>\n\t\t<div id=\"discover\"  data-column-margin=\"default\" data-midnight=\"dark\" data-bottom-percent=\"5%\"  class=\"wpb_row vc_row-fluid vc_row full-width-section  vc_row-o-equal-height vc_row-flex  vc_row-o-content-middle standard_section \"  style=\"padding-top: 0px; padding-bottom: calc(100vw * 0.05); \"><div class=\"row-bg-wrap\" data-bg-animation=\"none\" data-bg-overlay=\"false\"><div class=\"inner-wrap\"><div class=\"row-bg using-bg-color\"  style=\"background-color: #ffffff; \"><\/div><\/div><div class=\"row-bg-overlay\" ><\/div><\/div><div class=\"row_col_wrap_12 col span_12 dark left\">\n\t<div  class=\"vc_col-sm-12 wpb_column column_container vc_column_container col no-extra-padding inherit_tablet inherit_phone \"  data-t-w-inherits=\"default\" data-bg-cover=\"\" data-padding-pos=\"all\" data-has-bg-color=\"false\" data-bg-color=\"\" data-bg-opacity=\"1\" data-hover-bg=\"\" data-hover-bg-opacity=\"1\" data-animation=\"\" data-delay=\"0\" >\n\t\t<div class=\"vc_column-inner\" ><div class=\"column-bg-overlay-wrap\" data-bg-animation=\"none\"><div class=\"column-bg-overlay\"><\/div><\/div>\n\t\t\t<div class=\"wpb_wrapper\">\n\t\t\t\t<div class=\"img-with-aniamtion-wrap center\" data-max-width=\"100%\" data-max-width-mobile=\"default\" data-border-radius=\"none\" data-shadow=\"none\" data-animation=\"fade-in\" >\r\n      <div class=\"inner\">\r\n        <div class=\"hover-wrap\" data-hover-animation=\"none\"> \r\n          <div class=\"hover-wrap-inner\">\r\n            <img class=\"img-with-animation skip-lazy \" data-delay=\"0\" height=\"221\" width=\"249\" data-animation=\"fade-in\" src=\"https:\/\/comunidadeslbmd.com\/wp-content\/uploads\/2021\/04\/como-lo-hacemos.png\" alt=\"\"  \/>\r\n          <\/div>\r\n        <\/div>\r\n      <\/div>\r\n    <\/div><div class=\"nectar-scrolling-text\" data-style=\"default\" data-s-dir=\"ltr\" data-spacing=\"false\" data-outline-thickness=\"thin\" data-s-speed=\"slow\" data-overflow=\"hidden\" ><div class=\"nectar-scrolling-text-inner\"><\/div><\/div>\r\n<div class=\"wpb_text_column wpb_content_element \" >\r\n\t<div class=\"wpb_wrapper\">\r\n\t\t<h3 style=\"text-align: center;\">Lo que hacemos est\u00e1 concebido desde la BELLEZA EN EL MIRAR DISTINTO, un mirada que tiene como origen el coraz\u00f3n de cada ser humano. Creemos en esta Belleza y por eso confiamos en que colaborar, creer y en definitiva amar es para todos nosotros, necesario para vivir y convivir en la armon\u00eda, por eso creemos en la capacidad de reconectar con nuestra capacidad creativa y colaborativa que nos constituye como seres humanos, para co-crear un mundo inclusivo con oportunidades para todos.<\/h3>\n<p>&nbsp;<\/p>\n<h3 style=\"text-align: center;\">Creemos que JUNTOS podemos crear BIEN-ESTAR para TODOS en el mundo que habitamos, para generar el BIEN-SER; respetando, legitimando e integrando nuestras diferencias.<\/h3>\n\t<\/div>\r\n<\/div>\r\n\r\n\r\n\r\n\n\t\t\t<\/div> \n\t\t<\/div>\n\t<\/div> \n<\/div><\/div>\n\t\t<div id=\"discover\"  data-column-margin=\"default\" data-midnight=\"dark\" data-bottom-percent=\"5%\"  class=\"wpb_row vc_row-fluid vc_row full-width-section  vc_row-o-equal-height vc_row-flex  vc_row-o-content-middle standard_section \"  style=\"padding-top: 0px; padding-bottom: calc(100vw * 0.05); \"><div class=\"row-bg-wrap\" data-bg-animation=\"none\" data-bg-overlay=\"false\"><div class=\"inner-wrap\"><div class=\"row-bg using-bg-color\"  style=\"background-color: #ffffff; \"><\/div><\/div><div class=\"row-bg-overlay\" ><\/div><\/div><div class=\"row_col_wrap_12 col span_12 dark left\">\n\t<div  class=\"vc_col-sm-12 wpb_column column_container vc_column_container col no-extra-padding inherit_tablet inherit_phone \"  data-t-w-inherits=\"default\" data-bg-cover=\"\" data-padding-pos=\"all\" data-has-bg-color=\"false\" data-bg-color=\"\" data-bg-opacity=\"1\" data-hover-bg=\"\" data-hover-bg-opacity=\"1\" data-animation=\"\" data-delay=\"0\" >\n\t\t<div class=\"vc_column-inner\" ><div class=\"column-bg-overlay-wrap\" data-bg-animation=\"none\"><div class=\"column-bg-overlay\"><\/div><\/div>\n\t\t\t<div class=\"wpb_wrapper\">\n\t\t\t\t<div class=\"img-with-aniamtion-wrap center\" data-max-width=\"100%\" data-max-width-mobile=\"default\" data-border-radius=\"none\" data-shadow=\"none\" data-animation=\"fade-in\" >\r\n      <div class=\"inner\">\r\n        <div class=\"hover-wrap\" data-hover-animation=\"none\"> \r\n          <div class=\"hover-wrap-inner\">\r\n            <img class=\"img-with-animation skip-lazy \" data-delay=\"0\" height=\"224\" width=\"261\" data-animation=\"fade-in\" src=\"https:\/\/comunidadeslbmd.com\/wp-content\/uploads\/2021\/04\/recursos.png\" alt=\"\"  \/>\r\n          <\/div>\r\n        <\/div>\r\n      <\/div>\r\n    <\/div>\r\n<div class=\"wpb_text_column wpb_content_element \" >\r\n\t<div class=\"wpb_wrapper\">\r\n\t\t<h2 style=\"text-align: center;\">Nuestros dones y talentos al servicio<\/h2>\n\t<\/div>\r\n<\/div>\r\n\r\n\r\n\r\n<div id=\"fws_69d12f756a27c\" data-midnight=\"\" data-column-margin=\"default\" class=\"wpb_row vc_row-fluid vc_row inner_row standard_section   \"  style=\"padding-top: 0px; padding-bottom: 0px; \"><div class=\"row-bg-wrap\"> <div class=\"row-bg\" ><\/div> <\/div><div class=\"row_col_wrap_12_inner col span_12  left\">\n\t<div  class=\"vc_col-sm-4 flexy wpb_column column_container vc_column_container col child_column no-extra-padding inherit_tablet inherit_phone \"   data-t-w-inherits=\"default\" data-bg-cover=\"\" data-padding-pos=\"all\" data-has-bg-color=\"false\" data-bg-color=\"\" data-bg-opacity=\"1\" data-hover-bg=\"\" data-hover-bg-opacity=\"1\" data-animation=\"\" data-delay=\"0\">\n\t\t<div class=\"vc_column-inner\" ><div class=\"column-bg-overlay-wrap\" data-bg-animation=\"none\"><div class=\"column-bg-overlay\"><\/div><\/div>\n\t\t<div class=\"wpb_wrapper\">\n\t\t\t<div class=\"img-with-aniamtion-wrap center\" data-max-width=\"100%\" data-max-width-mobile=\"default\" data-border-radius=\"none\" data-shadow=\"none\" data-animation=\"fade-in\"  style=\"margin-bottom: 50px; \">\r\n      <div class=\"inner\">\r\n        <div class=\"hover-wrap\" data-hover-animation=\"none\"> \r\n          <div class=\"hover-wrap-inner\">\r\n            <img class=\"img-with-animation skip-lazy \" data-delay=\"0\" height=\"259\" width=\"256\" data-animation=\"fade-in\" src=\"https:\/\/comunidadeslbmd.com\/wp-content\/uploads\/2021\/04\/que-hacemos.png\" alt=\"\" srcset=\"https:\/\/comunidadeslbmd.com\/wp-content\/uploads\/2021\/04\/que-hacemos.png 256w, https:\/\/comunidadeslbmd.com\/wp-content\/uploads\/2021\/04\/que-hacemos-100x100.png 100w\" sizes=\"(min-width: 1450px) 75vw, (min-width: 1000px) 85vw, 100vw\" \/>\r\n          <\/div>\r\n        <\/div>\r\n      <\/div>\r\n    <\/div><a class=\"nectar-button large regular accent-color has-icon  regular-button\"  style=\"margin-top: 2px; \"  href=\"https:\/\/comunidadeslbmd.com\/index.php\/hacemos\/\" data-color-override=\"false\" data-hover-color-override=\"false\" data-hover-text-color-override=\"#fff\"><span>Hacemos<\/span><i  class=\"fa fa-angle-double-right\"><\/i><\/a>\n\t\t<\/div> \n\t<\/div>\n\t<\/div> \n\n\t<div  class=\"vc_col-sm-4 flexy wpb_column column_container vc_column_container col child_column no-extra-padding inherit_tablet inherit_phone \"   data-t-w-inherits=\"default\" data-bg-cover=\"\" data-padding-pos=\"all\" data-has-bg-color=\"false\" data-bg-color=\"\" data-bg-opacity=\"1\" data-hover-bg=\"\" data-hover-bg-opacity=\"1\" data-animation=\"\" data-delay=\"0\">\n\t\t<div class=\"vc_column-inner\" ><div class=\"column-bg-overlay-wrap\" data-bg-animation=\"none\"><div class=\"column-bg-overlay\"><\/div><\/div>\n\t\t<div class=\"wpb_wrapper\">\n\t\t\t<div class=\"img-with-aniamtion-wrap center\" data-max-width=\"100%\" data-max-width-mobile=\"default\" data-border-radius=\"none\" data-shadow=\"none\" data-animation=\"fade-in\"  style=\"margin-bottom: 50px; \">\r\n      <div class=\"inner\">\r\n        <div class=\"hover-wrap\" data-hover-animation=\"none\"> \r\n          <div class=\"hover-wrap-inner\">\r\n            <img class=\"img-with-animation skip-lazy \" data-delay=\"0\" height=\"262\" width=\"262\" data-animation=\"fade-in\" src=\"https:\/\/comunidadeslbmd.com\/wp-content\/uploads\/2021\/04\/formacion.png\" alt=\"\" srcset=\"https:\/\/comunidadeslbmd.com\/wp-content\/uploads\/2021\/04\/formacion.png 262w, https:\/\/comunidadeslbmd.com\/wp-content\/uploads\/2021\/04\/formacion-150x150.png 150w, https:\/\/comunidadeslbmd.com\/wp-content\/uploads\/2021\/04\/formacion-100x100.png 100w, https:\/\/comunidadeslbmd.com\/wp-content\/uploads\/2021\/04\/formacion-140x140.png 140w\" sizes=\"(min-width: 1450px) 75vw, (min-width: 1000px) 85vw, 100vw\" \/>\r\n          <\/div>\r\n        <\/div>\r\n      <\/div>\r\n    <\/div><a class=\"nectar-button large regular accent-color has-icon  regular-button\"  style=\"margin-top: 2px; \"  href=\"https:\/\/comunidadeslbmd.com\/index.php\/aprendemos\/\" data-color-override=\"false\" data-hover-color-override=\"false\" data-hover-text-color-override=\"#fff\"><span>Aprendemos<\/span><i  class=\"fa fa-angle-double-right\"><\/i><\/a>\n\t\t<\/div> \n\t<\/div>\n\t<\/div> \n\n\t<div  class=\"vc_col-sm-4 flexy wpb_column column_container vc_column_container col child_column no-extra-padding inherit_tablet inherit_phone \"   data-t-w-inherits=\"default\" data-bg-cover=\"\" data-padding-pos=\"all\" data-has-bg-color=\"false\" data-bg-color=\"\" data-bg-opacity=\"1\" data-hover-bg=\"\" data-hover-bg-opacity=\"1\" data-animation=\"\" data-delay=\"0\">\n\t\t<div class=\"vc_column-inner\" ><div class=\"column-bg-overlay-wrap\" data-bg-animation=\"none\"><div class=\"column-bg-overlay\"><\/div><\/div>\n\t\t<div class=\"wpb_wrapper\">\n\t\t\t<div class=\"img-with-aniamtion-wrap center\" data-max-width=\"100%\" data-max-width-mobile=\"default\" data-border-radius=\"none\" data-shadow=\"none\" data-animation=\"fade-in\"  style=\"margin-bottom: 50px; \">\r\n      <div class=\"inner\">\r\n        <div class=\"hover-wrap\" data-hover-animation=\"none\"> \r\n          <div class=\"hover-wrap-inner\">\r\n            <img class=\"img-with-animation skip-lazy \" data-delay=\"0\" height=\"262\" width=\"262\" data-animation=\"fade-in\" src=\"https:\/\/comunidadeslbmd.com\/wp-content\/uploads\/2021\/04\/Sin-titulo-3-1.png\" alt=\"\" srcset=\"https:\/\/comunidadeslbmd.com\/wp-content\/uploads\/2021\/04\/Sin-titulo-3-1.png 262w, https:\/\/comunidadeslbmd.com\/wp-content\/uploads\/2021\/04\/Sin-titulo-3-1-150x150.png 150w, https:\/\/comunidadeslbmd.com\/wp-content\/uploads\/2021\/04\/Sin-titulo-3-1-100x100.png 100w, https:\/\/comunidadeslbmd.com\/wp-content\/uploads\/2021\/04\/Sin-titulo-3-1-140x140.png 140w\" sizes=\"(min-width: 1450px) 75vw, (min-width: 1000px) 85vw, 100vw\" \/>\r\n          <\/div>\r\n        <\/div>\r\n      <\/div>\r\n    <\/div><a class=\"nectar-button large regular accent-color has-icon  regular-button\"  style=\"margin-top: 2px; \"  href=\"https:\/\/comunidadeslbmd.com\/index.php\/apoyamos\/\" data-color-override=\"false\" data-hover-color-override=\"false\" data-hover-text-color-override=\"#fff\"><span>Apoyamos<\/span><i  class=\"fa fa-angle-double-right\"><\/i><\/a>\n\t\t<\/div> \n\t<\/div>\n\t<\/div> \n<\/div><\/div>\n\t\t\t<\/div> \n\t\t<\/div>\n\t<\/div> \n<\/div><\/div>\n\t\t<div id=\"fws_69d12f756c3ea\"  data-column-margin=\"default\" data-midnight=\"light\" data-top-percent=\"19%\" data-bottom-percent=\"9%\"  class=\"wpb_row vc_row-fluid vc_row full-width-section standard_section \"  style=\"padding-top: calc(100vw * 0.19); padding-bottom: calc(100vw * 0.09); \"><div class=\"row-bg-wrap\" data-bg-animation=\"none\" data-bg-overlay=\"true\"><div class=\"inner-wrap\"><div class=\"row-bg using-bg-color\"  style=\"background-color: #333333; \"><\/div><\/div><div class=\"row-bg-overlay\" style=\"background: #018241; background: linear-gradient(135deg,#018241 0%,#936905 100%);  opacity: 1; \"><\/div><\/div><div class=\"nectar-shape-divider-wrap no-color \" style=\" height:250px;\"  data-front=\"\" data-style=\"waves_opacity_alt\" data-position=\"top\" ><svg class=\"nectar-shape-divider\" fill=\"\" xmlns=\"http:\/\/www.w3.org\/2000\/svg\" viewBox=\"0 0 1000 300\" preserveAspectRatio=\"none\">  \n            <path d=\"M 1000 299 l 2 -279 c -155 -36 -310 135 -415 164 c -102.64 28.35 -149 -32 -232 -31 c -80 1 -142 53 -229 80 c -65.54 20.34 -101 15 -126 11.61 v 54.39 z\"><\/path> <path d=\"M 1000 286 l 2 -252 c -157 -43 -302 144 -405 178 c -101.11 33.38 -159 -47 -242 -46 c -80 1 -145.09 54.07 -229 87 c -65.21 25.59 -104.07 16.72 -126 10.61 v 22.39 z\"><\/path> <path d=\"M 1000 300 l 1 -230.29 c -217 -12.71 -300.47 129.15 -404 156.29 c -103 27 -174 -30 -257 -29 c -80 1 -130.09 37.07 -214 70 c -61.23 24 -108 15.61 -126 10.61 v 22.39 z\"><\/path>\n             <\/svg><\/div><div class=\"row_col_wrap_12 col span_12 light left\">\n\t<div  class=\"vc_col-sm-2 wpb_column column_container vc_column_container col centered-text no-extra-padding inherit_tablet inherit_phone \"  data-t-w-inherits=\"default\" data-bg-cover=\"\" data-padding-pos=\"all\" data-has-bg-color=\"false\" data-bg-color=\"\" data-bg-opacity=\"1\" data-hover-bg=\"\" data-hover-bg-opacity=\"1\" data-animation=\"\" data-delay=\"0\" >\n\t\t<div class=\"vc_column-inner\" ><div class=\"column-bg-overlay-wrap\" data-bg-animation=\"none\"><div class=\"column-bg-overlay\"><\/div><\/div>\n\t\t\t<div class=\"wpb_wrapper\">\n\t\t\t\t\n\t\t\t<\/div> \n\t\t<\/div>\n\t<\/div> \n\n\t<div  class=\"vc_col-sm-8 wpb_column column_container vc_column_container col centered-text no-extra-padding inherit_tablet inherit_phone \"  data-t-w-inherits=\"default\" data-bg-cover=\"\" data-padding-pos=\"all\" data-has-bg-color=\"false\" data-bg-color=\"\" data-bg-opacity=\"1\" data-hover-bg=\"\" data-hover-bg-opacity=\"1\" data-animation=\"\" data-delay=\"0\" >\n\t\t<div class=\"vc_column-inner\" ><div class=\"column-bg-overlay-wrap\" data-bg-animation=\"none\"><div class=\"column-bg-overlay\"><\/div><\/div>\n\t\t\t<div class=\"wpb_wrapper\">\n\t\t\t\t<div id=\"fws_69d12f756c7f9\" data-midnight=\"\" data-column-margin=\"default\" class=\"wpb_row vc_row-fluid vc_row inner_row standard_section   \"  style=\"padding-top: 0px; padding-bottom: 0px; \"><div class=\"row-bg-wrap\"> <div class=\"row-bg\" ><\/div> <\/div><div class=\"row_col_wrap_12_inner col span_12  left\">\n\t<div  class=\"vc_col-sm-12 wpb_column column_container vc_column_container col child_column centered-text has-animation no-extra-padding inherit_tablet inherit_phone \"   data-t-w-inherits=\"default\" data-bg-cover=\"\" data-padding-pos=\"all\" data-has-bg-color=\"false\" data-bg-color=\"\" data-bg-opacity=\"1\" data-hover-bg=\"\" data-hover-bg-opacity=\"1\" data-animation=\"fade-in-from-bottom\" data-delay=\"0\">\n\t\t<div class=\"vc_column-inner\" ><div class=\"column-bg-overlay-wrap\" data-bg-animation=\"none\"><div class=\"column-bg-overlay\"><\/div><\/div>\n\t\t<div class=\"wpb_wrapper\">\n\t\t\t\r\n<div class=\"wpb_text_column wpb_content_element \" >\r\n\t<div class=\"wpb_wrapper\">\r\n\t\t<h2>\u00bfEst\u00e1s listo para dejar volar tu imaginaci\u00f3n?<\/h2>\n\t<\/div>\r\n<\/div>\r\n\r\n\r\n\r\n\n\t\t<\/div> \n\t<\/div>\n\t<\/div> \n<\/div><\/div>\n\t\t\t<\/div> \n\t\t<\/div>\n\t<\/div> \n\n\t<div  class=\"vc_col-sm-2 wpb_column column_container vc_column_container col no-extra-padding inherit_tablet inherit_phone \"  data-t-w-inherits=\"default\" data-bg-cover=\"\" data-padding-pos=\"all\" data-has-bg-color=\"false\" data-bg-color=\"\" data-bg-opacity=\"1\" data-hover-bg=\"\" data-hover-bg-opacity=\"1\" data-animation=\"\" data-delay=\"0\" >\n\t\t<div class=\"vc_column-inner\" ><div class=\"column-bg-overlay-wrap\" data-bg-animation=\"none\"><div class=\"column-bg-overlay\"><\/div><\/div>\n\t\t\t<div class=\"wpb_wrapper\">\n\t\t\t\t\n\t\t\t<\/div> \n\t\t<\/div>\n\t<\/div> \n<\/div><\/div>\n","protected":false},"excerpt":{"rendered":"LA BELLEZA EN EL MIRAR DISTINTO &#8221;Nos necesitamos mutuamente para poder ejercer la solidaridad, la libertad y la compasi\u00f3n y recordarnos que siempre existe una...","protected":false},"author":1,"featured_media":0,"parent":0,"menu_order":0,"comment_status":"closed","ping_status":"closed","template":"","meta":{"_monsterinsights_skip_tracking":false,"_monsterinsights_sitenote_active":false,"_monsterinsights_sitenote_note":"","_monsterinsights_sitenote_category":0},"_links":{"self":[{"href":"https:\/\/comunidadeslbmd.com\/index.php\/wp-json\/wp\/v2\/pages\/5761"}],"collection":[{"href":"https:\/\/comunidadeslbmd.com\/index.php\/wp-json\/wp\/v2\/pages"}],"about":[{"href":"https:\/\/comunidadeslbmd.com\/index.php\/wp-json\/wp\/v2\/types\/page"}],"author":[{"embeddable":true,"href":"https:\/\/comunidadeslbmd.com\/index.php\/wp-json\/wp\/v2\/users\/1"}],"replies":[{"embeddable":true,"href":"https:\/\/comunidadeslbmd.com\/index.php\/wp-json\/wp\/v2\/comments?post=5761"}],"version-history":[{"count":56,"href":"https:\/\/comunidadeslbmd.com\/index.php\/wp-json\/wp\/v2\/pages\/5761\/revisions"}],"predecessor-version":[{"id":6138,"href":"https:\/\/comunidadeslbmd.com\/index.php\/wp-json\/wp\/v2\/pages\/5761\/revisions\/6138"}],"wp:attachment":[{"href":"https:\/\/comunidadeslbmd.com\/index.php\/wp-json\/wp\/v2\/media?parent=5761"}],"curies":[{"name":"wp","href":"https:\/\/api.w.org\/{rel}","templated":true}]}}