{"id":5767,"date":"2017-09-03T02:44:53","date_gmt":"2017-09-03T02:44:53","guid":{"rendered":"http:\/\/themenectar.com\/demo\/salient-corporate-creative\/?page_id=5767"},"modified":"2021-05-03T14:08:54","modified_gmt":"2021-05-03T14:08:54","slug":"somossiendo","status":"publish","type":"page","link":"https:\/\/comunidadeslbmd.com\/index.php\/somossiendo\/","title":{"rendered":"Somos siendo"},"content":{"rendered":"\n\t\t<div id=\"fws_69d13300cdd29\"  data-column-margin=\"default\" data-midnight=\"dark\" data-top-percent=\"5%\" data-bottom-percent=\"5%\"  class=\"wpb_row vc_row-fluid vc_row full-width-section standard_section \"  style=\"padding-top: calc(100vw * 0.05); padding-bottom: calc(100vw * 0.05); \"><div class=\"row-bg-wrap\" data-bg-animation=\"none\" data-bg-overlay=\"false\"><div class=\"inner-wrap\"><div class=\"row-bg\"  style=\"\"><\/div><\/div><div class=\"row-bg-overlay\" ><\/div><\/div><div class=\"row_col_wrap_12 col span_12 dark left\">\n\t<div  class=\"vc_col-sm-12 wpb_column column_container vc_column_container col padding-2-percent inherit_tablet inherit_phone \"  data-t-w-inherits=\"default\" data-bg-cover=\"\" data-padding-pos=\"right\" data-has-bg-color=\"false\" data-bg-color=\"\" data-bg-opacity=\"1\" data-hover-bg=\"\" data-hover-bg-opacity=\"1\" data-animation=\"\" data-delay=\"0\" >\n\t\t<div class=\"vc_column-inner\" ><div class=\"column-bg-overlay-wrap\" data-bg-animation=\"none\"><div class=\"column-bg-overlay\"><\/div><\/div>\n\t\t\t<div class=\"wpb_wrapper\">\n\t\t\t\t<div class=\"img-with-aniamtion-wrap center\" data-max-width=\"100%\" data-max-width-mobile=\"default\" data-border-radius=\"none\" data-shadow=\"none\" data-animation=\"fade-in\" >\r\n      <div class=\"inner\">\r\n        <div class=\"hover-wrap\" data-hover-animation=\"none\"> \r\n          <div class=\"hover-wrap-inner\">\r\n            <img class=\"img-with-animation skip-lazy \" data-delay=\"0\" height=\"262\" width=\"253\" data-animation=\"fade-in\" src=\"https:\/\/comunidadeslbmd.com\/wp-content\/uploads\/2021\/04\/quienes.png\" alt=\"\"  \/>\r\n          <\/div>\r\n        <\/div>\r\n      <\/div>\r\n    <\/div>\r\n<div class=\"wpb_text_column wpb_content_element  vc_custom_1618669985511\" >\r\n\t<div class=\"wpb_wrapper\">\r\n\t\t<h2 style=\"text-align: center;\">Somos siendo<\/h2>\n\t<\/div>\r\n<\/div>\r\n\r\n\r\n\r\n<div id=\"fws_69d13300cff9d\" data-midnight=\"\" data-column-margin=\"default\" class=\"wpb_row vc_row-fluid vc_row inner_row standard_section   \"  style=\"padding-top: 0px; padding-bottom: 0px; \"><div class=\"row-bg-wrap\"> <div class=\"row-bg\" ><\/div> <\/div><div class=\"row_col_wrap_12_inner col span_12  left\">\n\t<div  class=\"vc_col-sm-3 wpb_column column_container vc_column_container col child_column no-extra-padding inherit_tablet inherit_phone \"   data-t-w-inherits=\"default\" data-bg-cover=\"\" data-padding-pos=\"all\" data-has-bg-color=\"false\" data-bg-color=\"\" data-bg-opacity=\"1\" data-hover-bg=\"\" data-hover-bg-opacity=\"1\" data-animation=\"\" data-delay=\"0\">\n\t\t<div class=\"vc_column-inner\" ><div class=\"column-bg-overlay-wrap\" data-bg-animation=\"none\"><div class=\"column-bg-overlay\"><\/div><\/div>\n\t\t<div class=\"wpb_wrapper\">\n\t\t\t<div class=\"team-member\" data-style=\"bio_fullscreen_alt\">    <div class=\"team-member-image\"><div class=\"team-member-image-inner\"><img src=\"https:\/\/comunidadeslbmd.com\/wp-content\/uploads\/2021\/04\/elena-1.png\" width=\"500\" height=\"500\" alt=\"\" \/><\/div><\/div>    <div class=\"team-member-overlay\"><\/div>    <div class=\"team-meta\"><h5><\/h5><h3>Elena Garibay<\/h3><p>Soy, siendo hija, hermana, madre, amiga, profesionista....<\/p><div class=\"nectar-cta\" data-color=\"default\" data-using-bg=\"false\" data-style=\"arrow-animation\" data-display=\"block\" data-alignment=\"left\"><span class=\"link_wrap\"><a class=\"link_text\" href=\"#\"><svg class=\"next-arrow\" width=\"20px\" height=\"25px\" viewBox=\"0 0 50 80\" xml:space=\"preserve\">  <polyline stroke=\"#000000\" stroke-width=\"9\" fill=\"none\" stroke-linecap=\"round\" stroke-linejoin=\"round\" points=\"0, 0 45, 40 0, 80\"><\/polyline>  <\/svg><span class=\"line\" style=\"background-color: #000;\"><\/span> <\/a><\/span><\/div><\/div>    <div class=\"nectar_team_bio_img\" data-img-src=\"https:\/\/comunidadeslbmd.com\/wp-content\/uploads\/2021\/04\/elenabio.png\"><\/div>    <div class=\"nectar_team_bio\">Soy, siendo hija, hermana, madre, amiga, profesionista y viviendo en distintas partes del mundo. Soy un ser humano con mi vulnerabilidad y mis muchos recursos, que abiertamente los pongo al servicio de las otras personas.  Desde hace m\u00e1s de 20 a\u00f1os he estado desarrollando metodolog\u00edas, herramientas, juegos, programas que contribuyan en la toma de consciencia de nuestros recursos internos y de nuestras din\u00e1micas relacionales, implementados  en varias partes del mundo y distintas organizaciones.<\/p>\n<p>Creo que en la diversidad es donde nos encontramos y podemos crear juntos. El encuentro con la otra mirada me ha llevado a vivir en continuo aprendizaje y transformaci\u00f3n. Desde la ingenier\u00eda en sistemas, la gesti\u00f3n de recursos y sobre todo aportando en el desarrollo del Potencial Humano  en sus distintos roles, pasando por la Gestalt, el Coaching Ontol\u00f3gico, la Neurociencia, la bio-psico-sociolog\u00eda. Todo aquello que me ayude a comprender lo que significa ser SER HUMANO en todos sus dominios de existencia para acompa\u00f1ar y servir.<\/p>\n<p>Soy fundadora de Comunidad Es.<div class=\"bottom_meta\"><a href=\"#\" target=\"_blank\"><i class=\"icon-default-style fa fa-facebook-square\"><\/i><\/a><a href=\"https:\/\/www.instagram.com\/elena.garibay\/\" target=\"_blank\"><i class=\"icon-default-style fa fa-instagram\"><\/i><\/a><\/div><\/div>    <\/div>\n\t\t<\/div> \n\t<\/div>\n\t<\/div> \n\n\t<div  class=\"vc_col-sm-3 wpb_column column_container vc_column_container col child_column no-extra-padding inherit_tablet inherit_phone \"   data-t-w-inherits=\"default\" data-bg-cover=\"\" data-padding-pos=\"all\" data-has-bg-color=\"false\" data-bg-color=\"\" data-bg-opacity=\"1\" data-hover-bg=\"\" data-hover-bg-opacity=\"1\" data-animation=\"\" data-delay=\"0\">\n\t\t<div class=\"vc_column-inner\" ><div class=\"column-bg-overlay-wrap\" data-bg-animation=\"none\"><div class=\"column-bg-overlay\"><\/div><\/div>\n\t\t<div class=\"wpb_wrapper\">\n\t\t\t<div class=\"team-member\" data-style=\"bio_fullscreen_alt\">    <div class=\"team-member-image\"><div class=\"team-member-image-inner\"><img src=\"https:\/\/comunidadeslbmd.com\/wp-content\/uploads\/2021\/04\/basilio.png\" width=\"500\" height=\"500\" alt=\"\" \/><\/div><\/div>    <div class=\"team-member-overlay\"><\/div>    <div class=\"team-meta\"><h5><\/h5><h3>Basilios Peftouloglou Gattas<\/h3><p>Soy siendo un aprendiz diario de m\u00ed mismo y de personas generosas que me ense\u00f1an sabidur\u00eda...<\/p><div class=\"nectar-cta\" data-color=\"default\" data-using-bg=\"false\" data-style=\"arrow-animation\" data-display=\"block\" data-alignment=\"left\"><span class=\"link_wrap\"><a class=\"link_text\" href=\"#\"><svg class=\"next-arrow\" width=\"20px\" height=\"25px\" viewBox=\"0 0 50 80\" xml:space=\"preserve\">  <polyline stroke=\"#000000\" stroke-width=\"9\" fill=\"none\" stroke-linecap=\"round\" stroke-linejoin=\"round\" points=\"0, 0 45, 40 0, 80\"><\/polyline>  <\/svg><span class=\"line\" style=\"background-color: #000;\"><\/span> <\/a><\/span><\/div><\/div>    <div class=\"nectar_team_bio_img\" data-img-src=\"https:\/\/comunidadeslbmd.com\/wp-content\/uploads\/2021\/04\/basiliobio.png\"><\/div>    <div class=\"nectar_team_bio\">Soy siendo un aprendiz diario de m\u00ed mismo y de personas generosas que me ense\u00f1an sabidur\u00eda, templanza, sencillez, entrega, reflexi\u00f3n, esfuerzo, resiliencia, consecuencia, respeto, pasi\u00f3n y su gratuidad en v\u00ednculos profundos.<br \/>\nDesde mi SER abogado, dedicado toda mi vida profesional a la funci\u00f3n p\u00fablica, creo en la justicia y equidad como condici\u00f3n insoslayable por ser esencialmente SERES sociales en sus diferentes dimensiones.<\/p>\n<p>Soy fundador de Comunidad Es<div class=\"bottom_meta\"><a href=\"#\" target=\"_blank\"><i class=\"icon-default-style fa fa-facebook-square\"><\/i><\/a><a href=\"#\" target=\"_blank\"><i class=\"icon-default-style fa fa-instagram\"><\/i><\/a><\/div><\/div>    <\/div>\n\t\t<\/div> \n\t<\/div>\n\t<\/div> \n\n\t<div  class=\"vc_col-sm-3 wpb_column column_container vc_column_container col child_column no-extra-padding inherit_tablet inherit_phone \"   data-t-w-inherits=\"default\" data-bg-cover=\"\" data-padding-pos=\"all\" data-has-bg-color=\"false\" data-bg-color=\"\" data-bg-opacity=\"1\" data-hover-bg=\"\" data-hover-bg-opacity=\"1\" data-animation=\"\" data-delay=\"0\">\n\t\t<div class=\"vc_column-inner\" ><div class=\"column-bg-overlay-wrap\" data-bg-animation=\"none\"><div class=\"column-bg-overlay\"><\/div><\/div>\n\t\t<div class=\"wpb_wrapper\">\n\t\t\t<div class=\"team-member\" data-style=\"bio_fullscreen_alt\">    <div class=\"team-member-image\"><div class=\"team-member-image-inner\"><img src=\"https:\/\/comunidadeslbmd.com\/wp-content\/uploads\/2021\/04\/diana-1.png\" width=\"500\" height=\"500\" alt=\"\" \/><\/div><\/div>    <div class=\"team-member-overlay\"><\/div>    <div class=\"team-meta\"><h5><\/h5><h3>Diana Ochoa<\/h3><p>Soy, siendo, en las relaciones que humanizan....<\/p><div class=\"nectar-cta\" data-color=\"default\" data-using-bg=\"false\" data-style=\"arrow-animation\" data-display=\"block\" data-alignment=\"left\"><span class=\"link_wrap\"><a class=\"link_text\" href=\"#\"><svg class=\"next-arrow\" width=\"20px\" height=\"25px\" viewBox=\"0 0 50 80\" xml:space=\"preserve\">  <polyline stroke=\"#000000\" stroke-width=\"9\" fill=\"none\" stroke-linecap=\"round\" stroke-linejoin=\"round\" points=\"0, 0 45, 40 0, 80\"><\/polyline>  <\/svg><span class=\"line\" style=\"background-color: #000;\"><\/span> <\/a><\/span><\/div><\/div>    <div class=\"nectar_team_bio_img\" data-img-src=\"https:\/\/comunidadeslbmd.com\/wp-content\/uploads\/2021\/04\/dianabio-1.png\"><\/div>    <div class=\"nectar_team_bio\">Soy, siendo, en las relaciones que humanizan.  Desde muy joven tuve claro que mi camino estaba en servir a las otras personas. Por eso me hice psiquiatra y psicoterapeuta y me sigo cualificando para que mi servicio sea cada vez m\u00e1s humano. Me alimento en la lectura diaria, en talleres y cursos que me lleven a comprender mejor al ser humano en su plenitud. Voy en camino como muchas personas, con mis sombras y mis luces. Buscando siempre dar lo mejor de mi.<\/p>\n<p>Cocreadora del juego INTER NI.<div class=\"bottom_meta\"><a href=\"https:\/\/www.facebook.com\/0500dianadoc\" target=\"_blank\"><i class=\"icon-default-style fa fa-facebook-square\"><\/i><\/a><a href=\"https:\/\/www.instagram.com\/0500dianadoc\" target=\"_blank\"><i class=\"icon-default-style fa fa-instagram\"><\/i><\/a><a href=\"http:\/\/culturainterni.com\/\" target=\"_blank\"><i class=\"icon-default-style fa fa-globe\"><\/i><\/a><\/div><\/div>    <\/div>\n\t\t<\/div> \n\t<\/div>\n\t<\/div> \n\n\t<div  class=\"vc_col-sm-3 wpb_column column_container vc_column_container col child_column no-extra-padding inherit_tablet inherit_phone \"   data-t-w-inherits=\"default\" data-bg-cover=\"\" data-padding-pos=\"all\" data-has-bg-color=\"false\" data-bg-color=\"\" data-bg-opacity=\"1\" data-hover-bg=\"\" data-hover-bg-opacity=\"1\" data-animation=\"\" data-delay=\"0\">\n\t\t<div class=\"vc_column-inner\" ><div class=\"column-bg-overlay-wrap\" data-bg-animation=\"none\"><div class=\"column-bg-overlay\"><\/div><\/div>\n\t\t<div class=\"wpb_wrapper\">\n\t\t\t<div class=\"team-member\" data-style=\"bio_fullscreen_alt\">    <div class=\"team-member-image\"><div class=\"team-member-image-inner\"><img src=\"https:\/\/comunidadeslbmd.com\/wp-content\/uploads\/2021\/04\/royland.png\" width=\"500\" height=\"500\" alt=\"\" \/><\/div><\/div>    <div class=\"team-member-overlay\"><\/div>    <div class=\"team-meta\"><h5><\/h5><h3>Royland Viloria<\/h3><p>Soy aprendiz de ser, Ser Humano...<\/p><div class=\"nectar-cta\" data-color=\"default\" data-using-bg=\"false\" data-style=\"arrow-animation\" data-display=\"block\" data-alignment=\"left\"><span class=\"link_wrap\"><a class=\"link_text\" href=\"#\"><svg class=\"next-arrow\" width=\"20px\" height=\"25px\" viewBox=\"0 0 50 80\" xml:space=\"preserve\">  <polyline stroke=\"#000000\" stroke-width=\"9\" fill=\"none\" stroke-linecap=\"round\" stroke-linejoin=\"round\" points=\"0, 0 45, 40 0, 80\"><\/polyline>  <\/svg><span class=\"line\" style=\"background-color: #000;\"><\/span> <\/a><\/span><\/div><\/div>    <div class=\"nectar_team_bio_img\" data-img-src=\"https:\/\/comunidadeslbmd.com\/wp-content\/uploads\/2021\/04\/roylandbio.png\"><\/div>    <div class=\"nectar_team_bio\">Soy aprendiz de ser, Ser Humano. En constante transformaci\u00f3n y aprendizaje. Me defino como una persona que busca siempre, que observa, investiga, curiosa por naturaleza y con una imaginaci\u00f3n que se enriquece desde la pr\u00e1ctica del dibujo. Me atrae todo aquello que humaniza, la risa, el juego, la amistad, las buenas lecturas, el compartir, la naturaleza, la espiritualidad, ...<\/p>\n<p>Cocreadora del juego INTER NI.<div class=\"bottom_meta\"><a href=\"https:\/\/www.facebook.com\/roylandrawings\" target=\"_blank\"><i class=\"icon-default-style fa fa-facebook-square\"><\/i><\/a><a href=\"https:\/\/www.instagram.com\/thalossdrawings\" target=\"_blank\"><i class=\"icon-default-style fa fa-instagram\"><\/i><\/a><a href=\"http:\/\/culturainterni.com\/\" target=\"_blank\"><i class=\"icon-default-style fa fa-globe\"><\/i><\/a><\/div><\/div>    <\/div>\n\t\t<\/div> \n\t<\/div>\n\t<\/div> \n<\/div><\/div>\n\t\t\t<\/div> \n\t\t<\/div>\n\t<\/div> \n<\/div><\/div>\n\t\t<div id=\"fws_69d13300d2b9f\"  data-column-margin=\"default\" data-midnight=\"dark\" data-top-percent=\"5%\" data-bottom-percent=\"5%\"  class=\"wpb_row vc_row-fluid vc_row full-width-section standard_section \"  style=\"padding-top: calc(100vw * 0.05); padding-bottom: calc(100vw * 0.05); \"><div class=\"row-bg-wrap\" data-bg-animation=\"none\" data-bg-overlay=\"false\"><div class=\"inner-wrap\"><div class=\"row-bg\"  style=\"\"><\/div><\/div><div class=\"row-bg-overlay\" ><\/div><\/div><div class=\"row_col_wrap_12 col span_12 dark left\">\n\t<div  class=\"vc_col-sm-12 wpb_column column_container vc_column_container col padding-2-percent inherit_tablet inherit_phone \"  data-t-w-inherits=\"default\" data-bg-cover=\"\" data-padding-pos=\"right\" data-has-bg-color=\"false\" data-bg-color=\"\" data-bg-opacity=\"1\" data-hover-bg=\"\" data-hover-bg-opacity=\"1\" data-animation=\"\" data-delay=\"0\" >\n\t\t<div class=\"vc_column-inner\" ><div class=\"column-bg-overlay-wrap\" data-bg-animation=\"none\"><div class=\"column-bg-overlay\"><\/div><\/div>\n\t\t\t<div class=\"wpb_wrapper\">\n\t\t\t\t<div class=\"img-with-aniamtion-wrap center\" data-max-width=\"100%\" data-max-width-mobile=\"default\" data-border-radius=\"none\" data-shadow=\"none\" data-animation=\"fade-in\" >\r\n      <div class=\"inner\">\r\n        <div class=\"hover-wrap\" data-hover-animation=\"none\"> \r\n          <div class=\"hover-wrap-inner\">\r\n            <img class=\"img-with-animation skip-lazy \" data-delay=\"0\" height=\"262\" width=\"174\" data-animation=\"fade-in\" src=\"https:\/\/comunidadeslbmd.com\/wp-content\/uploads\/2021\/04\/conversemos.png\" alt=\"\"  \/>\r\n          <\/div>\r\n        <\/div>\r\n      <\/div>\r\n    <\/div>\r\n<div class=\"wpb_text_column wpb_content_element  vc_custom_1618668988785\" >\r\n\t<div class=\"wpb_wrapper\">\r\n\t\t<h2 style=\"text-align: center;\">Conversemos<\/h2>\n\t<\/div>\r\n<\/div>\r\n\r\n\r\n\r\n<div class=\"wpforms-container wpforms-container-full\" id=\"wpforms-5892\"><form id=\"wpforms-form-5892\" class=\"wpforms-validate wpforms-form\" data-formid=\"5892\" method=\"post\" enctype=\"multipart\/form-data\" action=\"\/index.php\/wp-json\/wp\/v2\/pages\/5767\" data-token=\"ff55c8042e4bfa52d077046ae4d47812\"><noscript class=\"wpforms-error-noscript\">Please enable JavaScript in your browser to complete this form.<\/noscript><div class=\"wpforms-field-container\"><div id=\"wpforms-5892-field_0-container\" class=\"wpforms-field wpforms-field-name\" data-field-id=\"0\"><label class=\"wpforms-field-label\" for=\"wpforms-5892-field_0\">Nombre <span class=\"wpforms-required-label\">*<\/span><\/label><input type=\"text\" id=\"wpforms-5892-field_0\" class=\"wpforms-field-medium wpforms-field-required\" name=\"wpforms[fields][0]\" required><\/div><div id=\"wpforms-5892-field_1-container\" class=\"wpforms-field wpforms-field-email\" data-field-id=\"1\"><label class=\"wpforms-field-label\" for=\"wpforms-5892-field_1\">Email <span class=\"wpforms-required-label\">*<\/span><\/label><input type=\"email\" id=\"wpforms-5892-field_1\" class=\"wpforms-field-medium wpforms-field-required\" name=\"wpforms[fields][1]\" required><\/div><div id=\"wpforms-5892-field_2-container\" class=\"wpforms-field wpforms-field-textarea\" data-field-id=\"2\"><label class=\"wpforms-field-label\" for=\"wpforms-5892-field_2\">\u00bfQue podemos hacer juntos? <span class=\"wpforms-required-label\">*<\/span><\/label><textarea id=\"wpforms-5892-field_2\" class=\"wpforms-field-medium wpforms-field-required\" name=\"wpforms[fields][2]\" required><\/textarea><\/div><\/div><div class=\"wpforms-submit-container\" ><input type=\"hidden\" name=\"wpforms[id]\" value=\"5892\"><input type=\"hidden\" name=\"wpforms[author]\" value=\"1\"><button type=\"submit\" name=\"wpforms[submit]\" class=\"wpforms-submit \" id=\"wpforms-submit-5892\" value=\"wpforms-submit\" aria-live=\"assertive\" data-alt-text=\"Enviando...\" data-submit-text=\"Enviar\">Enviar<\/button><\/div><\/form><\/div>  <!-- .wpforms-container -->\n\t\t\t<\/div> \n\t\t<\/div>\n\t<\/div> \n<\/div><\/div>\n\t\t<div id=\"fws_69d13300d3aae\"  data-column-margin=\"default\" data-midnight=\"light\" data-top-percent=\"19%\" data-bottom-percent=\"9%\"  class=\"wpb_row vc_row-fluid vc_row full-width-section standard_section \"  style=\"padding-top: calc(100vw * 0.19); padding-bottom: calc(100vw * 0.09); \"><div class=\"row-bg-wrap\" data-bg-animation=\"none\" data-bg-overlay=\"true\"><div class=\"inner-wrap\"><div class=\"row-bg using-bg-color\"  style=\"background-color: #333333; \"><\/div><\/div><div class=\"row-bg-overlay\" style=\"background: #018241; background: linear-gradient(135deg,#018241 0%,#936905 100%);  opacity: 1; \"><\/div><\/div><div class=\"nectar-shape-divider-wrap no-color \" style=\" height:250px;\"  data-front=\"\" data-style=\"waves_opacity_alt\" data-position=\"top\" ><svg class=\"nectar-shape-divider\" fill=\"\" xmlns=\"http:\/\/www.w3.org\/2000\/svg\" viewBox=\"0 0 1000 300\" preserveAspectRatio=\"none\">  \n            <path d=\"M 1000 299 l 2 -279 c -155 -36 -310 135 -415 164 c -102.64 28.35 -149 -32 -232 -31 c -80 1 -142 53 -229 80 c -65.54 20.34 -101 15 -126 11.61 v 54.39 z\"><\/path> <path d=\"M 1000 286 l 2 -252 c -157 -43 -302 144 -405 178 c -101.11 33.38 -159 -47 -242 -46 c -80 1 -145.09 54.07 -229 87 c -65.21 25.59 -104.07 16.72 -126 10.61 v 22.39 z\"><\/path> <path d=\"M 1000 300 l 1 -230.29 c -217 -12.71 -300.47 129.15 -404 156.29 c -103 27 -174 -30 -257 -29 c -80 1 -130.09 37.07 -214 70 c -61.23 24 -108 15.61 -126 10.61 v 22.39 z\"><\/path>\n             <\/svg><\/div><div class=\"row_col_wrap_12 col span_12 light left\">\n\t<div  class=\"vc_col-sm-2 wpb_column column_container vc_column_container col centered-text no-extra-padding inherit_tablet inherit_phone \"  data-t-w-inherits=\"default\" data-bg-cover=\"\" data-padding-pos=\"all\" data-has-bg-color=\"false\" data-bg-color=\"\" data-bg-opacity=\"1\" data-hover-bg=\"\" data-hover-bg-opacity=\"1\" data-animation=\"\" data-delay=\"0\" >\n\t\t<div class=\"vc_column-inner\" ><div class=\"column-bg-overlay-wrap\" data-bg-animation=\"none\"><div class=\"column-bg-overlay\"><\/div><\/div>\n\t\t\t<div class=\"wpb_wrapper\">\n\t\t\t\t\n\t\t\t<\/div> \n\t\t<\/div>\n\t<\/div> \n\n\t<div  class=\"vc_col-sm-8 wpb_column column_container vc_column_container col centered-text no-extra-padding inherit_tablet inherit_phone \"  data-t-w-inherits=\"default\" data-bg-cover=\"\" data-padding-pos=\"all\" data-has-bg-color=\"false\" data-bg-color=\"\" data-bg-opacity=\"1\" data-hover-bg=\"\" data-hover-bg-opacity=\"1\" data-animation=\"\" data-delay=\"0\" >\n\t\t<div class=\"vc_column-inner\" ><div class=\"column-bg-overlay-wrap\" data-bg-animation=\"none\"><div class=\"column-bg-overlay\"><\/div><\/div>\n\t\t\t<div class=\"wpb_wrapper\">\n\t\t\t\t<div id=\"fws_69d13300d3deb\" data-midnight=\"\" data-column-margin=\"default\" class=\"wpb_row vc_row-fluid vc_row inner_row standard_section   \"  style=\"padding-top: 0px; padding-bottom: 0px; \"><div class=\"row-bg-wrap\"> <div class=\"row-bg\" ><\/div> <\/div><div class=\"row_col_wrap_12_inner col span_12  left\">\n\t<div  class=\"vc_col-sm-12 wpb_column column_container vc_column_container col child_column centered-text has-animation no-extra-padding inherit_tablet inherit_phone \"   data-t-w-inherits=\"default\" data-bg-cover=\"\" data-padding-pos=\"all\" data-has-bg-color=\"false\" data-bg-color=\"\" data-bg-opacity=\"1\" data-hover-bg=\"\" data-hover-bg-opacity=\"1\" data-animation=\"fade-in-from-bottom\" data-delay=\"0\">\n\t\t<div class=\"vc_column-inner\" ><div class=\"column-bg-overlay-wrap\" data-bg-animation=\"none\"><div class=\"column-bg-overlay\"><\/div><\/div>\n\t\t<div class=\"wpb_wrapper\">\n\t\t\t\r\n<div class=\"wpb_text_column wpb_content_element \" >\r\n\t<div class=\"wpb_wrapper\">\r\n\t\t<h2>\u00bfEst\u00e1s listo para dejar volar tu imaginaci\u00f3n?<\/h2>\n\t<\/div>\r\n<\/div>\r\n\r\n\r\n\r\n\n\t\t<\/div> \n\t<\/div>\n\t<\/div> \n<\/div><\/div>\n\t\t\t<\/div> \n\t\t<\/div>\n\t<\/div> \n\n\t<div  class=\"vc_col-sm-2 wpb_column column_container vc_column_container col no-extra-padding inherit_tablet inherit_phone \"  data-t-w-inherits=\"default\" data-bg-cover=\"\" data-padding-pos=\"all\" data-has-bg-color=\"false\" data-bg-color=\"\" data-bg-opacity=\"1\" data-hover-bg=\"\" data-hover-bg-opacity=\"1\" data-animation=\"\" data-delay=\"0\" >\n\t\t<div class=\"vc_column-inner\" ><div class=\"column-bg-overlay-wrap\" data-bg-animation=\"none\"><div class=\"column-bg-overlay\"><\/div><\/div>\n\t\t\t<div class=\"wpb_wrapper\">\n\t\t\t\t\n\t\t\t<\/div> \n\t\t<\/div>\n\t<\/div> \n<\/div><\/div>\n","protected":false},"excerpt":{"rendered":"Somos siendo Elena GaribaySoy, siendo hija, hermana, madre, amiga, profesionista.... Soy, siendo hija, hermana, madre, amiga, profesionista y viviendo en distintas partes del mundo. Soy...","protected":false},"author":1,"featured_media":0,"parent":0,"menu_order":0,"comment_status":"closed","ping_status":"closed","template":"","meta":{"_monsterinsights_skip_tracking":false,"_monsterinsights_sitenote_active":false,"_monsterinsights_sitenote_note":"","_monsterinsights_sitenote_category":0},"_links":{"self":[{"href":"https:\/\/comunidadeslbmd.com\/index.php\/wp-json\/wp\/v2\/pages\/5767"}],"collection":[{"href":"https:\/\/comunidadeslbmd.com\/index.php\/wp-json\/wp\/v2\/pages"}],"about":[{"href":"https:\/\/comunidadeslbmd.com\/index.php\/wp-json\/wp\/v2\/types\/page"}],"author":[{"embeddable":true,"href":"https:\/\/comunidadeslbmd.com\/index.php\/wp-json\/wp\/v2\/users\/1"}],"replies":[{"embeddable":true,"href":"https:\/\/comunidadeslbmd.com\/index.php\/wp-json\/wp\/v2\/comments?post=5767"}],"version-history":[{"count":35,"href":"https:\/\/comunidadeslbmd.com\/index.php\/wp-json\/wp\/v2\/pages\/5767\/revisions"}],"predecessor-version":[{"id":6238,"href":"https:\/\/comunidadeslbmd.com\/index.php\/wp-json\/wp\/v2\/pages\/5767\/revisions\/6238"}],"wp:attachment":[{"href":"https:\/\/comunidadeslbmd.com\/index.php\/wp-json\/wp\/v2\/media?parent=5767"}],"curies":[{"name":"wp","href":"https:\/\/api.w.org\/{rel}","templated":true}]}}