{"id":5965,"date":"2021-04-17T14:15:33","date_gmt":"2021-04-17T14:15:33","guid":{"rendered":"https:\/\/comunidadeslbmd.com\/?page_id=5965"},"modified":"2021-04-17T16:05:38","modified_gmt":"2021-04-17T16:05:38","slug":"hacemos","status":"publish","type":"page","link":"https:\/\/comunidadeslbmd.com\/index.php\/hacemos\/","title":{"rendered":"Hacemos"},"content":{"rendered":"\n\t\t<div id=\"discover\"  data-column-margin=\"default\" data-midnight=\"dark\" data-top-percent=\"10%\" data-bottom-percent=\"5%\"  class=\"wpb_row vc_row-fluid vc_row full-width-section  vc_row-o-equal-height vc_row-flex  vc_row-o-content-middle standard_section flexy\"  style=\"padding-top: calc(100vw * 0.10); padding-bottom: calc(100vw * 0.05); \"><div class=\"row-bg-wrap\" data-bg-animation=\"none\" data-bg-overlay=\"false\"><div class=\"inner-wrap\"><div class=\"row-bg using-bg-color\"  style=\"background-color: #ffffff; \"><\/div><\/div><div class=\"row-bg-overlay\" ><\/div><\/div><div class=\"row_col_wrap_12 col span_12 dark left\">\n\t<div  class=\"vc_col-sm-12 wpb_column column_container vc_column_container col no-extra-padding inherit_tablet inherit_phone \"  data-t-w-inherits=\"default\" data-bg-cover=\"\" data-padding-pos=\"all\" data-has-bg-color=\"false\" data-bg-color=\"\" data-bg-opacity=\"1\" data-hover-bg=\"\" data-hover-bg-opacity=\"1\" data-animation=\"\" data-delay=\"0\" >\n\t\t<div class=\"vc_column-inner\" ><div class=\"column-bg-overlay-wrap\" data-bg-animation=\"none\"><div class=\"column-bg-overlay\"><\/div><\/div>\n\t\t\t<div class=\"wpb_wrapper\">\n\t\t\t\t<div class=\"img-with-aniamtion-wrap center\" data-max-width=\"100%\" data-max-width-mobile=\"default\" data-border-radius=\"none\" data-shadow=\"none\" data-animation=\"fade-in\" >\r\n      <div class=\"inner\">\r\n        <div class=\"hover-wrap\" data-hover-animation=\"none\"> \r\n          <div class=\"hover-wrap-inner\">\r\n            <img class=\"img-with-animation skip-lazy \" data-delay=\"0\" height=\"259\" width=\"256\" data-animation=\"fade-in\" src=\"https:\/\/comunidadeslbmd.com\/wp-content\/uploads\/2021\/04\/que-hacemos.png\" alt=\"\" srcset=\"https:\/\/comunidadeslbmd.com\/wp-content\/uploads\/2021\/04\/que-hacemos.png 256w, https:\/\/comunidadeslbmd.com\/wp-content\/uploads\/2021\/04\/que-hacemos-100x100.png 100w\" sizes=\"(min-width: 1450px) 75vw, (min-width: 1000px) 85vw, 100vw\" \/>\r\n          <\/div>\r\n        <\/div>\r\n      <\/div>\r\n    <\/div>\r\n<div class=\"wpb_text_column wpb_content_element \" >\r\n\t<div class=\"wpb_wrapper\">\r\n\t\t<h2 style=\"text-align: center;\">Hacemos<\/h2>\n<h2 style=\"text-align: center;\">Metodolog\u00edas l\u00fadicas<\/h2>\n\t<\/div>\r\n<\/div>\r\n\r\n\r\n\r\n\r\n<div class=\"wpb_text_column wpb_content_element \" >\r\n\t<div class=\"wpb_wrapper\">\r\n\t\t<p>&nbsp;<\/p>\n<p>Desarrollamos metodolog\u00edas l\u00fadicas, juegos, herramientas y programas que permitan generar espacios de auto-conocimiento y reflexi\u00f3n. Entregando una nueva mirada en la forma en que se entiende el liderazgo, la comunicaci\u00f3n, las relaciones interpersonales, la auto gesti\u00f3n y los procesos internos.<\/p>\n<p>Para contribuir JUNTOS al bienestar, el buen vivir y el desarrollo personal y comunitario. Creando EXPERIENCIAS para tomar CONSCIENCIA y DESARTICULAR CREENCIAS que nos permitan vivir en ARMON\u00cdA y crear BIEN COM\u00daN.<\/p>\n<p>Nos dimos cuenta que cuando tenemos un mayor autoconocimiento y una sana autoconciencia, mejoramos significativamente en la toma de decisiones, generamos una mejor calidad en las relaciones interpersonales y formamos equipos de trabajo COLABORATIVOS y efectivos.<\/p>\n<p>Aumentar nuestro autoconocimiento nos permite comprender y valorar a cada persona como un ser \u00fanico distinto de mi, pero con mi misma dignidad. Descubrir y valorar nuestros dones y talentos para ponerlos al servicio del bien com\u00fan, donde tambi\u00e9n est\u00e1 el bien de cada uno de nosotros.<\/p>\n<p>Todas nuestras metodolog\u00edas co-creadas desde LA BELLEZA EN EL MIRAR DISTINTO, tiene como eje transversal nuestro auto-conocimiento. NOS MIRAMOS Y ESCUCHAMOS, para poder MIRAR Y ESCUCHAR AL OTRO, en una relaci\u00f3n horizontal.<\/p>\n<p>Son una INVITACI\u00d3N a entender y reflexionar acerca de la sociedad en la que vivimos, tomar consciencia de que son nuestras acciones las que la crean.<\/p>\n<p>Nos permiten PERCIBIR lo que est\u00e1 sucediendo dentro de cada uno de nosotros, desde cu\u00e1l emoci\u00f3n nos movemos y el impacto de nuestras acciones en el entorno.<\/p>\n<p>Y DARNOS CUENTA que creamos nuestros propios mundos y esto, para nuestros pa\u00edses es fundamental si queremos ser capaces de generar el bien com\u00fan y disminuir la inequidad.<\/p>\n\t<\/div>\r\n<\/div>\r\n\r\n\r\n\r\n<div class=\"img-with-aniamtion-wrap center\" data-max-width=\"100%\" data-max-width-mobile=\"default\" data-border-radius=\"none\" data-shadow=\"none\" data-animation=\"fade-in\"  style=\"margin-bottom: 50px; \">\r\n      <div class=\"inner\">\r\n        <div class=\"hover-wrap\" data-hover-animation=\"none\"> \r\n          <div class=\"hover-wrap-inner\">\r\n            <img class=\"img-with-animation skip-lazy \" data-delay=\"0\" height=\"261\" width=\"130\" data-animation=\"fade-in\" src=\"https:\/\/comunidadeslbmd.com\/wp-content\/uploads\/2021\/04\/testimonios.png\" alt=\"\"  \/>\r\n          <\/div>\r\n        <\/div>\r\n      <\/div>\r\n    <\/div><a class=\"nectar-button large regular accent-color has-icon  regular-button\"  style=\"\"  href=\"https:\/\/comunidadeslbmd.com\/index.php\/hacemosmeto\/\" data-color-override=\"false\" data-hover-color-override=\"false\" data-hover-text-color-override=\"#fff\"><span>\u00bfCu\u00e1les son?<\/span><i  class=\"fa fa-angle-double-right\"><\/i><\/a>\n\t\t\t<\/div> \n\t\t<\/div>\n\t<\/div> \n<\/div><\/div>\n\t\t<div id=\"fws_69e1ea5df09c8\"  data-column-margin=\"default\" data-midnight=\"light\" data-top-percent=\"19%\" data-bottom-percent=\"9%\"  class=\"wpb_row vc_row-fluid vc_row full-width-section standard_section \"  style=\"padding-top: calc(100vw * 0.19); padding-bottom: calc(100vw * 0.09); \"><div class=\"row-bg-wrap\" data-bg-animation=\"none\" data-bg-overlay=\"true\"><div class=\"inner-wrap\"><div class=\"row-bg using-bg-color\"  style=\"background-color: #333333; \"><\/div><\/div><div class=\"row-bg-overlay\" style=\"background: #018241; background: linear-gradient(135deg,#018241 0%,#936905 100%);  opacity: 1; \"><\/div><\/div><div class=\"nectar-shape-divider-wrap no-color \" style=\" height:250px;\"  data-front=\"\" data-style=\"waves_opacity_alt\" data-position=\"top\" ><svg class=\"nectar-shape-divider\" fill=\"\" xmlns=\"http:\/\/www.w3.org\/2000\/svg\" viewBox=\"0 0 1000 300\" preserveAspectRatio=\"none\">  \n            <path d=\"M 1000 299 l 2 -279 c -155 -36 -310 135 -415 164 c -102.64 28.35 -149 -32 -232 -31 c -80 1 -142 53 -229 80 c -65.54 20.34 -101 15 -126 11.61 v 54.39 z\"><\/path> <path d=\"M 1000 286 l 2 -252 c -157 -43 -302 144 -405 178 c -101.11 33.38 -159 -47 -242 -46 c -80 1 -145.09 54.07 -229 87 c -65.21 25.59 -104.07 16.72 -126 10.61 v 22.39 z\"><\/path> <path d=\"M 1000 300 l 1 -230.29 c -217 -12.71 -300.47 129.15 -404 156.29 c -103 27 -174 -30 -257 -29 c -80 1 -130.09 37.07 -214 70 c -61.23 24 -108 15.61 -126 10.61 v 22.39 z\"><\/path>\n             <\/svg><\/div><div class=\"row_col_wrap_12 col span_12 light left\">\n\t<div  class=\"vc_col-sm-2 wpb_column column_container vc_column_container col centered-text no-extra-padding inherit_tablet inherit_phone \"  data-t-w-inherits=\"default\" data-bg-cover=\"\" data-padding-pos=\"all\" data-has-bg-color=\"false\" data-bg-color=\"\" data-bg-opacity=\"1\" data-hover-bg=\"\" data-hover-bg-opacity=\"1\" data-animation=\"\" data-delay=\"0\" >\n\t\t<div class=\"vc_column-inner\" ><div class=\"column-bg-overlay-wrap\" data-bg-animation=\"none\"><div class=\"column-bg-overlay\"><\/div><\/div>\n\t\t\t<div class=\"wpb_wrapper\">\n\t\t\t\t\n\t\t\t<\/div> \n\t\t<\/div>\n\t<\/div> \n\n\t<div  class=\"vc_col-sm-8 wpb_column column_container vc_column_container col centered-text no-extra-padding inherit_tablet inherit_phone \"  data-t-w-inherits=\"default\" data-bg-cover=\"\" data-padding-pos=\"all\" data-has-bg-color=\"false\" data-bg-color=\"\" data-bg-opacity=\"1\" data-hover-bg=\"\" data-hover-bg-opacity=\"1\" data-animation=\"\" data-delay=\"0\" >\n\t\t<div class=\"vc_column-inner\" ><div class=\"column-bg-overlay-wrap\" data-bg-animation=\"none\"><div class=\"column-bg-overlay\"><\/div><\/div>\n\t\t\t<div class=\"wpb_wrapper\">\n\t\t\t\t<div id=\"fws_69e1ea5df1117\" data-midnight=\"\" data-column-margin=\"default\" class=\"wpb_row vc_row-fluid vc_row inner_row standard_section   \"  style=\"padding-top: 0px; padding-bottom: 0px; \"><div class=\"row-bg-wrap\"> <div class=\"row-bg\" ><\/div> <\/div><div class=\"row_col_wrap_12_inner col span_12  left\">\n\t<div  class=\"vc_col-sm-12 wpb_column column_container vc_column_container col child_column centered-text has-animation no-extra-padding inherit_tablet inherit_phone \"   data-t-w-inherits=\"default\" data-bg-cover=\"\" data-padding-pos=\"all\" data-has-bg-color=\"false\" data-bg-color=\"\" data-bg-opacity=\"1\" data-hover-bg=\"\" data-hover-bg-opacity=\"1\" data-animation=\"fade-in-from-bottom\" data-delay=\"0\">\n\t\t<div class=\"vc_column-inner\" ><div class=\"column-bg-overlay-wrap\" data-bg-animation=\"none\"><div class=\"column-bg-overlay\"><\/div><\/div>\n\t\t<div class=\"wpb_wrapper\">\n\t\t\t\r\n<div class=\"wpb_text_column wpb_content_element \" >\r\n\t<div class=\"wpb_wrapper\">\r\n\t\t<h2>\u00bfEst\u00e1s listo para dejar volar tu imaginaci\u00f3n?<\/h2>\n\t<\/div>\r\n<\/div>\r\n\r\n\r\n\r\n\n\t\t<\/div> \n\t<\/div>\n\t<\/div> \n<\/div><\/div>\n\t\t\t<\/div> \n\t\t<\/div>\n\t<\/div> \n\n\t<div  class=\"vc_col-sm-2 wpb_column column_container vc_column_container col no-extra-padding inherit_tablet inherit_phone \"  data-t-w-inherits=\"default\" data-bg-cover=\"\" data-padding-pos=\"all\" data-has-bg-color=\"false\" data-bg-color=\"\" data-bg-opacity=\"1\" data-hover-bg=\"\" data-hover-bg-opacity=\"1\" data-animation=\"\" data-delay=\"0\" >\n\t\t<div class=\"vc_column-inner\" ><div class=\"column-bg-overlay-wrap\" data-bg-animation=\"none\"><div class=\"column-bg-overlay\"><\/div><\/div>\n\t\t\t<div class=\"wpb_wrapper\">\n\t\t\t\t\n\t\t\t<\/div> \n\t\t<\/div>\n\t<\/div> \n<\/div><\/div>\n","protected":false},"excerpt":{"rendered":"Hacemos Metodolog\u00edas l\u00fadicas &nbsp; Desarrollamos metodolog\u00edas l\u00fadicas, juegos, herramientas y programas que permitan generar espacios de auto-conocimiento y reflexi\u00f3n. Entregando una nueva mirada en la...","protected":false},"author":1,"featured_media":0,"parent":0,"menu_order":0,"comment_status":"closed","ping_status":"closed","template":"","meta":{"_monsterinsights_skip_tracking":false,"_monsterinsights_sitenote_active":false,"_monsterinsights_sitenote_note":"","_monsterinsights_sitenote_category":0},"_links":{"self":[{"href":"https:\/\/comunidadeslbmd.com\/index.php\/wp-json\/wp\/v2\/pages\/5965"}],"collection":[{"href":"https:\/\/comunidadeslbmd.com\/index.php\/wp-json\/wp\/v2\/pages"}],"about":[{"href":"https:\/\/comunidadeslbmd.com\/index.php\/wp-json\/wp\/v2\/types\/page"}],"author":[{"embeddable":true,"href":"https:\/\/comunidadeslbmd.com\/index.php\/wp-json\/wp\/v2\/users\/1"}],"replies":[{"embeddable":true,"href":"https:\/\/comunidadeslbmd.com\/index.php\/wp-json\/wp\/v2\/comments?post=5965"}],"version-history":[{"count":6,"href":"https:\/\/comunidadeslbmd.com\/index.php\/wp-json\/wp\/v2\/pages\/5965\/revisions"}],"predecessor-version":[{"id":6018,"href":"https:\/\/comunidadeslbmd.com\/index.php\/wp-json\/wp\/v2\/pages\/5965\/revisions\/6018"}],"wp:attachment":[{"href":"https:\/\/comunidadeslbmd.com\/index.php\/wp-json\/wp\/v2\/media?parent=5965"}],"curies":[{"name":"wp","href":"https:\/\/api.w.org\/{rel}","templated":true}]}}